{"id":5250,"date":"2025-12-08T13:33:05","date_gmt":"2025-12-08T13:33:05","guid":{"rendered":"https:\/\/gyomaikner.hu\/?page_id=5250"},"modified":"2025-12-08T13:51:03","modified_gmt":"2025-12-08T13:51:03","slug":"buchschnitt","status":"publish","type":"page","link":"https:\/\/gyomaikner.hu\/de\/buchschnitt\/","title":{"rendered":"B\u00fccher mit farbigem Buchschnitt"},"content":{"rendered":"\t\t<div data-elementor-type=\"wp-page\" data-elementor-id=\"5250\" class=\"elementor elementor-5250 elementor-5249\" data-elementor-settings=\"[]\">\n\t\t\t\t\t\t<div class=\"elementor-inner\">\n\t\t\t\t\t\t\t<div class=\"elementor-section-wrap\">\n\t\t\t\t\t\t\t<section class=\"elementor-section elementor-top-section elementor-element elementor-element-b60ade2 elementor-section-full_width elementor-section-height-min-height elementor-section-height-default elementor-section-items-middle\" data-id=\"b60ade2\" data-element_type=\"section\">\n\t\t\t\t\t\t<div class=\"elementor-container elementor-column-gap-no\">\n\t\t\t\t\t\t\t<div class=\"elementor-row\">\n\t\t\t\t\t<div class=\"elementor-column elementor-col-100 elementor-top-column elementor-element elementor-element-964a3b4\" data-id=\"964a3b4\" data-element_type=\"column\">\n\t\t\t<div class=\"elementor-column-wrap elementor-element-populated\">\n\t\t\t\t\t\t\t<div class=\"elementor-widget-wrap\">\n\t\t\t\t\t\t<div class=\"elementor-element elementor-element-4f02fad elementor--h-position-center elementor--v-position-middle elementor-arrows-position-inside elementor-pagination-position-inside elementor-widget elementor-widget-slides\" data-id=\"4f02fad\" data-element_type=\"widget\" data-settings=\"{&quot;_animation&quot;:&quot;none&quot;,&quot;navigation&quot;:&quot;both&quot;,&quot;transition&quot;:&quot;slide&quot;,&quot;transition_speed&quot;:500}\" data-widget_type=\"slides.default\">\n\t\t\t\t<div class=\"elementor-widget-container\">\n\t\t\t\t\t<div class=\"elementor-swiper\">\n\t\t\t<div class=\"elementor-slides-wrapper elementor-main-swiper swiper-container\" dir=\"ltr\" data-animation=\"\">\n\t\t\t\t<div class=\"swiper-wrapper elementor-slides\">\n\t\t\t\t\t<div class=\"elementor-repeater-item-307f686 swiper-slide\"><div class=\"swiper-slide-bg elementor-ken-burns elementor-ken-burns--in\"><\/div><div class=\"swiper-slide-inner\" ><div class=\"swiper-slide-contents\"><div  class=\"elementor-button elementor-slide-button elementor-size-xl\"><span class=\"kover\">B\u00fccher mit farbigem Buchschnitt<\/span><\/div><\/div><\/div><\/div>\t\t\t\t<\/div>\n\t\t\t\t\t\t\t<\/div>\n\t\t<\/div>\n\t\t\t\t<\/div>\n\t\t\t\t<\/div>\n\t\t\t\t\t\t<\/div>\n\t\t\t\t\t<\/div>\n\t\t<\/div>\n\t\t\t\t\t\t\t\t<\/div>\n\t\t\t\t\t<\/div>\n\t\t<\/section>\n\t\t\t\t<section class=\"elementor-section elementor-top-section elementor-element elementor-element-d01e0fe elementor-section-boxed elementor-section-height-default elementor-section-height-default\" data-id=\"d01e0fe\" data-element_type=\"section\">\n\t\t\t\t\t\t<div class=\"elementor-container elementor-column-gap-no\">\n\t\t\t\t\t\t\t<div class=\"elementor-row\">\n\t\t\t\t\t<div class=\"elementor-column elementor-col-100 elementor-top-column elementor-element elementor-element-edf5b50\" data-id=\"edf5b50\" data-element_type=\"column\">\n\t\t\t<div class=\"elementor-column-wrap elementor-element-populated\">\n\t\t\t\t\t\t\t<div class=\"elementor-widget-wrap\">\n\t\t\t\t\t\t<section class=\"elementor-section elementor-inner-section elementor-element elementor-element-2a1cfc2 elementor-section-boxed elementor-section-height-default elementor-section-height-default\" data-id=\"2a1cfc2\" data-element_type=\"section\">\n\t\t\t\t\t\t<div class=\"elementor-container elementor-column-gap-default\">\n\t\t\t\t\t\t\t<div class=\"elementor-row\">\n\t\t\t\t\t<div class=\"elementor-column elementor-col-50 elementor-inner-column elementor-element elementor-element-a49bf6c\" data-id=\"a49bf6c\" data-element_type=\"column\">\n\t\t\t<div class=\"elementor-column-wrap elementor-element-populated\">\n\t\t\t\t\t\t\t<div class=\"elementor-widget-wrap\">\n\t\t\t\t\t\t<div class=\"elementor-element elementor-element-5b0397a elementor-widget elementor-widget-heading\" data-id=\"5b0397a\" data-element_type=\"widget\" data-widget_type=\"heading.default\">\n\t\t\t\t<div class=\"elementor-widget-container\">\n\t\t\t<h3 class=\"elementor-heading-title elementor-size-default\">B\u00fccher mit farbigem Buchschnitt<\/h3>\t\t<\/div>\n\t\t\t\t<\/div>\n\t\t\t\t<div class=\"elementor-element elementor-element-259d47b elementor-widget elementor-widget-text-editor\" data-id=\"259d47b\" data-element_type=\"widget\" data-widget_type=\"text-editor.default\">\n\t\t\t\t<div class=\"elementor-widget-container\">\n\t\t\t\t\t\t\t\t<div class=\"elementor-text-editor elementor-clearfix\">\n\t\t\t\t\t<p data-start=\"85\" data-end=\"557\">Die Gyomai Kner Nyomda Zrt. bietet ab sofort den innovativen Buchschnittdruck an, mit dem B\u00fccher auf besonders eindrucksvolle Weise veredelt werden k\u00f6nnen. Dank moderner digitaler Technologie lassen sich Muster, Grafiken, Schriftz\u00fcge oder Illustrationen direkt auf die Schnittkanten des Buchblocks drucken. Die farbintensiven und detailreichen Buchschnitte sorgen f\u00fcr ein au\u00dfergew\u00f6hnliches visuelles Erlebnis und heben das Erscheinungsbild von B\u00fcchern deutlich hervor.\u00a0<span style=\"font-style: inherit; font-weight: inherit;\">Der Buchschnittdruck eignet sich hervorragend f\u00fcr limitierte Auflagen, Geschenkb\u00fccher, Kunstb\u00e4nde sowie exklusive Editionen. F\u00fcr Verlage und Autorinnen und Autoren bietet diese Veredelung eine attraktive M\u00f6glichkeit, ihre Publikationen unverwechselbar zu gestalten und nachhaltig in Erinnerung zu behalten.<\/span><\/p>\t\t\t\t\t<\/div>\n\t\t\t\t\t\t<\/div>\n\t\t\t\t<\/div>\n\t\t\t\t\t\t<\/div>\n\t\t\t\t\t<\/div>\n\t\t<\/div>\n\t\t\t\t<div class=\"elementor-column elementor-col-50 elementor-inner-column elementor-element elementor-element-1efd12c\" data-id=\"1efd12c\" data-element_type=\"column\">\n\t\t\t<div class=\"elementor-column-wrap elementor-element-populated\">\n\t\t\t\t\t\t\t<div class=\"elementor-widget-wrap\">\n\t\t\t\t\t\t<div class=\"elementor-element elementor-element-51743ed elementor-widget elementor-widget-image\" data-id=\"51743ed\" data-element_type=\"widget\" data-widget_type=\"image.default\">\n\t\t\t\t<div class=\"elementor-widget-container\">\n\t\t\t\t\t\t\t\t<div class=\"elementor-image\">\n\t\t\t\t\t\t\t\t\t\t\t\t\t<a href=\"https:\/\/gyomaikner.hu\/wp-content\/uploads\/2025\/11\/1000012421.png\" data-elementor-open-lightbox=\"yes\" data-elementor-lightbox-title=\"\u00c9lfestett k\u00f6nyvek\">\n\t\t\t\t\t\t\t<img src=\"https:\/\/gyomaikner.hu\/wp-content\/uploads\/elementor\/thumbs\/1000012421-ren4v3dkzu4qng5qk0htb9te5q8obdfrxr75qxpcfo.png\" title=\"\u00c9lfestett k\u00f6nyvek\" alt=\"\u00c9lfestett k\u00f6nyvek\" \/>\t\t\t\t\t\t\t\t<\/a>\n\t\t\t\t\t\t\t\t\t\t\t\t\t\t<\/div>\n\t\t\t\t\t\t<\/div>\n\t\t\t\t<\/div>\n\t\t\t\t\t\t<\/div>\n\t\t\t\t\t<\/div>\n\t\t<\/div>\n\t\t\t\t\t\t\t\t<\/div>\n\t\t\t\t\t<\/div>\n\t\t<\/section>\n\t\t\t\t<div class=\"elementor-element elementor-element-017a769 elementor-widget elementor-widget-spacer\" data-id=\"017a769\" data-element_type=\"widget\" data-widget_type=\"spacer.default\">\n\t\t\t\t<div class=\"elementor-widget-container\">\n\t\t\t\t\t<div class=\"elementor-spacer\">\n\t\t\t<div class=\"elementor-spacer-inner\"><\/div>\n\t\t<\/div>\n\t\t\t\t<\/div>\n\t\t\t\t<\/div>\n\t\t\t\t\t\t<\/div>\n\t\t\t\t\t<\/div>\n\t\t<\/div>\n\t\t\t\t\t\t\t\t<\/div>\n\t\t\t\t\t<\/div>\n\t\t<\/section>\n\t\t\t\t<section class=\"elementor-section elementor-top-section elementor-element elementor-element-cb5ef34 elementor-section-boxed elementor-section-height-default elementor-section-height-default\" data-id=\"cb5ef34\" data-element_type=\"section\">\n\t\t\t\t\t\t<div class=\"elementor-container elementor-column-gap-default\">\n\t\t\t\t\t\t\t<div class=\"elementor-row\">\n\t\t\t\t\t<div class=\"elementor-column elementor-col-100 elementor-top-column elementor-element elementor-element-42c349c\" data-id=\"42c349c\" data-element_type=\"column\">\n\t\t\t<div class=\"elementor-column-wrap elementor-element-populated\">\n\t\t\t\t\t\t\t<div class=\"elementor-widget-wrap\">\n\t\t\t\t\t\t<div class=\"elementor-element elementor-element-2966db4 elementor-widget elementor-widget-image\" data-id=\"2966db4\" data-element_type=\"widget\" data-widget_type=\"image.default\">\n\t\t\t\t<div class=\"elementor-widget-container\">\n\t\t\t\t\t\t\t\t<div class=\"elementor-image\">\n\t\t\t\t\t\t\t\t\t\t\t\t\t<a href=\"https:\/\/gyomaikner.hu\/wp-content\/uploads\/2025\/12\/187753d3-9076-4a52-89b0-dcb20464d42d-1.png\" data-elementor-open-lightbox=\"yes\" data-elementor-lightbox-title=\"Vaj\u00e1k k\u00f6nyvsorozat\">\n\t\t\t\t\t\t\t<img src=\"https:\/\/gyomaikner.hu\/wp-content\/uploads\/elementor\/thumbs\/187753d3-9076-4a52-89b0-dcb20464d42d-1-rfurk1618vvrnihm7s716bi8kfo3ubzi8xc4s3bmf8.png\" title=\"Vaj\u00e1k k\u00f6nyvsorozat\" alt=\"Vaj\u00e1k k\u00f6nyvsorozat\" \/>\t\t\t\t\t\t\t\t<\/a>\n\t\t\t\t\t\t\t\t\t\t\t\t\t\t<\/div>\n\t\t\t\t\t\t<\/div>\n\t\t\t\t<\/div>\n\t\t\t\t\t\t<\/div>\n\t\t\t\t\t<\/div>\n\t\t<\/div>\n\t\t\t\t\t\t\t\t<\/div>\n\t\t\t\t\t<\/div>\n\t\t<\/section>\n\t\t\t\t<section class=\"elementor-section elementor-top-section elementor-element elementor-element-f30bf9b elementor-section-boxed elementor-section-height-default elementor-section-height-default\" data-id=\"f30bf9b\" data-element_type=\"section\" data-settings=\"{&quot;background_background&quot;:&quot;classic&quot;}\">\n\t\t\t\t\t\t<div class=\"elementor-container elementor-column-gap-default\">\n\t\t\t\t\t\t\t<div class=\"elementor-row\">\n\t\t\t\t\t<div class=\"elementor-column elementor-col-100 elementor-top-column elementor-element elementor-element-5586654\" data-id=\"5586654\" data-element_type=\"column\">\n\t\t\t<div class=\"elementor-column-wrap elementor-element-populated\">\n\t\t\t\t\t\t\t<div class=\"elementor-widget-wrap\">\n\t\t\t\t\t\t<div class=\"elementor-element elementor-element-efbe3a9 elementor-widget elementor-widget-heading\" data-id=\"efbe3a9\" data-element_type=\"widget\" data-widget_type=\"heading.default\">\n\t\t\t\t<div class=\"elementor-widget-container\">\n\t\t\t<h2 class=\"elementor-heading-title elementor-size-default\"><strong data-start=\"46\" data-end=\"73\">H\u00e4ufig gestellte Fragen<\/strong><\/h2>\t\t<\/div>\n\t\t\t\t<\/div>\n\t\t\t\t\t\t<\/div>\n\t\t\t\t\t<\/div>\n\t\t<\/div>\n\t\t\t\t\t\t\t\t<\/div>\n\t\t\t\t\t<\/div>\n\t\t<\/section>\n\t\t\t\t<section class=\"elementor-section elementor-top-section elementor-element elementor-element-f580ca6 elementor-section-boxed elementor-section-height-default elementor-section-height-default\" data-id=\"f580ca6\" data-element_type=\"section\">\n\t\t\t\t\t\t<div class=\"elementor-container elementor-column-gap-default\">\n\t\t\t\t\t\t\t<div class=\"elementor-row\">\n\t\t\t\t\t<div class=\"elementor-column elementor-col-100 elementor-top-column elementor-element elementor-element-7f9d614\" data-id=\"7f9d614\" data-element_type=\"column\">\n\t\t\t<div class=\"elementor-column-wrap elementor-element-populated\">\n\t\t\t\t\t\t\t<div class=\"elementor-widget-wrap\">\n\t\t\t\t\t\t<div class=\"elementor-element elementor-element-d1d0d8b uael-faq-box-layout-yes align-at-left elementor-widget elementor-widget-uael-faq\" data-id=\"d1d0d8b\" data-element_type=\"widget\" data-widget_type=\"uael-faq.default\">\n\t\t\t\t<div class=\"elementor-widget-container\">\n\t\t\t\r\n\t\t\t<div id='uael-faq-wrapper-220' class=\"uael-faq-wrapper\"> \r\n\t\t\t\t<div class=\"uael-faq-container uael-faq-layout-accordion\" data-layout=\"accordion\" >\r\n\t\t\t\t\t\t\t\t\t\t\t\t<div id=\"uael-accordion-f855c68\" class=\"uael-faq-accordion\" role=\"tablist\">\r\n\t\t\t\t\t\t\t\t<div class= \"uael-accordion-title\" aria-expanded=\"false\" role=\"tab\">                    \r\n\t\t\t\t\t\t\t\t\t<span class=\"uael-accordion-icon uael-accordion-icon-left\">\r\n\t\t\t\t\t\t\t\t\t\t<span class=\"uael-accordion-icon-closed\"><i class=\"fas fa-angle-right\"><\/i><\/span>\r\n\t\t\t\t\t\t\t\t\t\t<span class=\"uael-accordion-icon-opened\"><i class=\"fas fa-angle-up\"><\/i><\/span>\r\n\t\t\t\t\t\t\t\t\t<\/span>\r\n\t\t\t\t\t\t\t\t\t<span class=\"uael-question-f855c68 uael-question-span\" tabindex=\"0\" id=\"uael-faq-1\">Was ist Buchschnittdruck?<\/span>\r\n\t\t\t\t\t\t\t\t<\/div>\r\n\t\t\t\t\t\t\t\t<div class=\"uael-accordion-content\" role=\"tabpanel\">\r\n\t\t\t\t\t\t\t\t\t<span>\r\n\t\t\t\t\t\t\t\t\t<span><p>Der Buchschnittdruck (Edge Printing) ist ein modernes Buchveredelungsverfahren, bei dem Texte, Muster oder sogar gem\u00e4ldeartige Motive auf die geschnittenen Kanten der Buchseiten gedruckt werden.<\/p><\/span>\t\t\t\t\t\t\t\t\t<\/span>\r\n\t\t\t\t\t\t\t\t<\/div>\r\n\t\t\t\t\t\t\t<\/div>\r\n\t\t\t\t\t\t\t\t\t\t\t\t\t\t<div id=\"uael-accordion-72f9d45\" class=\"uael-faq-accordion\" role=\"tablist\">\r\n\t\t\t\t\t\t\t\t<div class= \"uael-accordion-title\" aria-expanded=\"false\" role=\"tab\">                    \r\n\t\t\t\t\t\t\t\t\t<span class=\"uael-accordion-icon uael-accordion-icon-left\">\r\n\t\t\t\t\t\t\t\t\t\t<span class=\"uael-accordion-icon-closed\"><i class=\"fas fa-angle-right\"><\/i><\/span>\r\n\t\t\t\t\t\t\t\t\t\t<span class=\"uael-accordion-icon-opened\"><i class=\"fas fa-angle-up\"><\/i><\/span>\r\n\t\t\t\t\t\t\t\t\t<\/span>\r\n\t\t\t\t\t\t\t\t\t<span class=\"uael-question-72f9d45 uael-question-span\" tabindex=\"0\" id=\"uael-faq-2\">Welche Arten von Mustern oder Grafiken k\u00f6nnen auf den Buchschnitt gedruckt werden?<\/span>\r\n\t\t\t\t\t\t\t\t<\/div>\r\n\t\t\t\t\t\t\t\t<div class=\"uael-accordion-content\" role=\"tabpanel\">\r\n\t\t\t\t\t\t\t\t\t<span>\r\n\t\t\t\t\t\t\t\t\t<span><p>Nahezu jedes Design ist umsetzbar \u2013 von einfachen Farbverl\u00e4ufen \u00fcber feine Ornamente bis hin zu umlaufenden Motiven mit 3D-Effekt. Dank der digitalen Drucktechnologie l\u00e4sst sich das Design vollst\u00e4ndig individualisieren, auch f\u00fcr einzelne Exemplare.<\/p><\/span>\t\t\t\t\t\t\t\t\t<\/span>\r\n\t\t\t\t\t\t\t\t<\/div>\r\n\t\t\t\t\t\t\t<\/div>\r\n\t\t\t\t\t\t\t\t\t\t\t\t\t\t<div id=\"uael-accordion-6f3ca67\" class=\"uael-faq-accordion\" role=\"tablist\">\r\n\t\t\t\t\t\t\t\t<div class= \"uael-accordion-title\" aria-expanded=\"false\" role=\"tab\">                    \r\n\t\t\t\t\t\t\t\t\t<span class=\"uael-accordion-icon uael-accordion-icon-left\">\r\n\t\t\t\t\t\t\t\t\t\t<span class=\"uael-accordion-icon-closed\"><i class=\"fas fa-angle-right\"><\/i><\/span>\r\n\t\t\t\t\t\t\t\t\t\t<span class=\"uael-accordion-icon-opened\"><i class=\"fas fa-angle-up\"><\/i><\/span>\r\n\t\t\t\t\t\t\t\t\t<\/span>\r\n\t\t\t\t\t\t\t\t\t<span class=\"uael-question-6f3ca67 uael-question-span\" tabindex=\"0\" id=\"uael-faq-3\">F\u00fcr welche B\u00fccher oder Produkte eignet sich der Buchschnittdruck?<\/span>\r\n\t\t\t\t\t\t\t\t<\/div>\r\n\t\t\t\t\t\t\t\t<div class=\"uael-accordion-content\" role=\"tabpanel\">\r\n\t\t\t\t\t\t\t\t\t<span>\r\n\t\t\t\t\t\t\t\t\t<span><p>Der Buchschnittdruck ist ideal f\u00fcr hochwertige Publikationen, limitierte Serien, Kunstb\u00e4nde, Geschenkb\u00fccher oder Sondereditionen. Zunehmend wird er auch eingesetzt, um Unternehmenspublikationen, Jahrb\u00fccher und Portfolios optisch aufzuwerten.<\/p><\/span>\t\t\t\t\t\t\t\t\t<\/span>\r\n\t\t\t\t\t\t\t\t<\/div>\r\n\t\t\t\t\t\t\t<\/div>\r\n\t\t\t\t\t\t\t\t\t\t\t\t\t\t<div id=\"uael-accordion-f83797c\" class=\"uael-faq-accordion\" role=\"tablist\">\r\n\t\t\t\t\t\t\t\t<div class= \"uael-accordion-title\" aria-expanded=\"false\" role=\"tab\">                    \r\n\t\t\t\t\t\t\t\t\t<span class=\"uael-accordion-icon uael-accordion-icon-left\">\r\n\t\t\t\t\t\t\t\t\t\t<span class=\"uael-accordion-icon-closed\"><i class=\"fas fa-angle-right\"><\/i><\/span>\r\n\t\t\t\t\t\t\t\t\t\t<span class=\"uael-accordion-icon-opened\"><i class=\"fas fa-angle-up\"><\/i><\/span>\r\n\t\t\t\t\t\t\t\t\t<\/span>\r\n\t\t\t\t\t\t\t\t\t<span class=\"uael-question-f83797c uael-question-span\" tabindex=\"0\" id=\"uael-faq-4\">Welche Vorteile bietet der Buchschnittdruck bei der Buchherstellung?<\/span>\r\n\t\t\t\t\t\t\t\t<\/div>\r\n\t\t\t\t\t\t\t\t<div class=\"uael-accordion-content\" role=\"tabpanel\">\r\n\t\t\t\t\t\t\t\t\t<span>\r\n\t\t\t\t\t\t\t\t\t<span><article class=\"text-token-text-primary w-full focus:outline-none [--shadow-height:45px] has-data-writing-block:pointer-events-none has-data-writing-block:-mt-(--shadow-height) has-data-writing-block:pt-(--shadow-height) [&amp;:has([data-writing-block])&gt;*]:pointer-events-auto scroll-mt-[calc(var(--header-height)+min(200px,max(70px,20svh)))]\" dir=\"auto\" tabindex=\"-1\" data-turn-id=\"request-WEB:b8c70f2a-ae92-4528-bcc3-de255457fee3-15\" data-testid=\"conversation-turn-32\" data-scroll-anchor=\"true\" data-turn=\"assistant\"><div class=\"text-base my-auto mx-auto pb-10 [--thread-content-margin:--spacing(4)] @w-sm\/main:[--thread-content-margin:--spacing(6)] @w-lg\/main:[--thread-content-margin:--spacing(16)] px-(--thread-content-margin)\"><div class=\"[--thread-content-max-width:40rem] @w-lg\/main:[--thread-content-max-width:48rem] mx-auto max-w-(--thread-content-max-width) flex-1 group\/turn-messages focus-visible:outline-hidden relative flex w-full min-w-0 flex-col agent-turn\" tabindex=\"-1\"><div class=\"flex max-w-full flex-col grow\"><div class=\"min-h-8 text-message relative flex w-full flex-col items-end gap-2 text-start break-words whitespace-normal [.text-message+&amp;]:mt-1\" dir=\"auto\" data-message-author-role=\"assistant\" data-message-id=\"5e58e924-f56e-493a-a3f3-e5d22a1b6879\" data-message-model-slug=\"gpt-5-1\"><div class=\"flex w-full flex-col gap-1 empty:hidden first:pt-[1px]\"><div class=\"markdown prose dark:prose-invert w-full break-words light markdown-new-styling\"><p data-start=\"0\" data-end=\"229\" data-is-last-node=\"\" data-is-only-node=\"\">Der Buchschnittdruck verleiht einem Buch nicht nur einen hohen \u00e4sthetischen Mehrwert, sondern dient auch als wirkungsvolles Instrument der Markenbildung: Er hebt eine Publikation aus der Masse hervor, steigert ihre Exklusivit\u00e4t und hinterl\u00e4sst einen bleibenden Eindruck bei den Leserinnen und Lesern.<\/p><\/div><\/div><\/div><\/div><\/div><\/div><\/article><\/span>\t\t\t\t\t\t\t\t\t<\/span>\r\n\t\t\t\t\t\t\t\t<\/div>\r\n\t\t\t\t\t\t\t<\/div>\r\n\t\t\t\t\t\t\t\t\t\t\t<\/div>\r\n\t\t\t<\/div>\r\n\t\t\t\t\t<\/div>\n\t\t\t\t<\/div>\n\t\t\t\t\t\t<\/div>\n\t\t\t\t\t<\/div>\n\t\t<\/div>\n\t\t\t\t\t\t\t\t<\/div>\n\t\t\t\t\t<\/div>\n\t\t<\/section>\n\t\t\t\t<section class=\"elementor-section elementor-top-section elementor-element elementor-element-b95ec64 elementor-section-boxed elementor-section-height-default elementor-section-height-default\" data-id=\"b95ec64\" data-element_type=\"section\" data-settings=\"{&quot;background_background&quot;:&quot;classic&quot;}\">\n\t\t\t\t\t\t<div class=\"elementor-container elementor-column-gap-default\">\n\t\t\t\t\t\t\t<div class=\"elementor-row\">\n\t\t\t\t\t<div class=\"elementor-column elementor-col-100 elementor-top-column elementor-element elementor-element-a29f1ca\" data-id=\"a29f1ca\" data-element_type=\"column\">\n\t\t\t<div class=\"elementor-column-wrap elementor-element-populated\">\n\t\t\t\t\t\t\t<div class=\"elementor-widget-wrap\">\n\t\t\t\t\t\t<div class=\"elementor-element elementor-element-af1e8f6 elementor-widget elementor-widget-heading\" data-id=\"af1e8f6\" data-element_type=\"widget\" data-widget_type=\"heading.default\">\n\t\t\t\t<div class=\"elementor-widget-container\">\n\t\t\t<h2 class=\"elementor-heading-title elementor-size-default\"><strong data-start=\"37\" data-end=\"56\">Angebotsanfrage<\/strong><\/h2>\t\t<\/div>\n\t\t\t\t<\/div>\n\t\t\t\t\t\t<\/div>\n\t\t\t\t\t<\/div>\n\t\t<\/div>\n\t\t\t\t\t\t\t\t<\/div>\n\t\t\t\t\t<\/div>\n\t\t<\/section>\n\t\t\t\t<section class=\"elementor-section elementor-top-section elementor-element elementor-element-8ef20a3 elementor-section-boxed elementor-section-height-default elementor-section-height-default\" data-id=\"8ef20a3\" data-element_type=\"section\">\n\t\t\t\t\t\t<div class=\"elementor-container elementor-column-gap-default\">\n\t\t\t\t\t\t\t<div class=\"elementor-row\">\n\t\t\t\t\t<div class=\"elementor-column elementor-col-100 elementor-top-column elementor-element elementor-element-8f3cce7\" data-id=\"8f3cce7\" data-element_type=\"column\">\n\t\t\t<div class=\"elementor-column-wrap elementor-element-populated\">\n\t\t\t\t\t\t\t<div class=\"elementor-widget-wrap\">\n\t\t\t\t\t\t<div class=\"elementor-element elementor-element-d8f9edb elementor-widget elementor-widget-wpforms\" data-id=\"d8f9edb\" data-element_type=\"widget\" data-widget_type=\"wpforms.default\">\n\t\t\t\t<div class=\"elementor-widget-container\">\n\t\t\t<div class=\"wpforms-container wpforms-container-full\" id=\"wpforms-5492\"><form id=\"wpforms-form-5492\" class=\"wpforms-validate wpforms-form wpforms-ajax-form\" data-formid=\"5492\" method=\"post\" enctype=\"multipart\/form-data\" action=\"\/de\/wp-json\/wp\/v2\/pages\/5250\" data-token=\"94642cb678d9a17f1fff35339cb2bfe1\"><noscript class=\"wpforms-error-noscript\">Bitte aktiviere JavaScript in deinem Browser, um dieses Formular fertigzustellen.<\/noscript><div class=\"wpforms-field-container\"><div id=\"wpforms-5492-field_0-container\" class=\"wpforms-field wpforms-field-name\" data-field-id=\"0\"><label class=\"wpforms-field-label\" for=\"wpforms-5492-field_0\">Name <span class=\"wpforms-required-label\">*<\/span><\/label><input type=\"text\" id=\"wpforms-5492-field_0\" class=\"wpforms-field-large wpforms-field-required\" name=\"wpforms[fields][0]\" placeholder=\"Name\" required><\/div><div id=\"wpforms-5492-field_7-container\" class=\"wpforms-field wpforms-field-text\" data-field-id=\"7\"><label class=\"wpforms-field-label\" for=\"wpforms-5492-field_7\">E-mail <span class=\"wpforms-required-label\">*<\/span><\/label><input type=\"text\" id=\"wpforms-5492-field_7\" class=\"wpforms-field-large wpforms-field-required\" name=\"wpforms[fields][7]\" placeholder=\"E-mail\" required><\/div><div id=\"wpforms-5492-field_8-container\" class=\"wpforms-field wpforms-field-text\" data-field-id=\"8\"><label class=\"wpforms-field-label\" for=\"wpforms-5492-field_8\">Telefonnummer <span class=\"wpforms-required-label\">*<\/span><\/label><input type=\"text\" id=\"wpforms-5492-field_8\" class=\"wpforms-field-large wpforms-field-required\" name=\"wpforms[fields][8]\" placeholder=\"06 20 444 5555\" required><\/div><div id=\"wpforms-5492-field_2-container\" class=\"wpforms-field wpforms-field-textarea\" data-field-id=\"2\"><label class=\"wpforms-field-label\" for=\"wpforms-5492-field_2\">Nachricht <span class=\"wpforms-required-label\">*<\/span><\/label><textarea id=\"wpforms-5492-field_2\" class=\"wpforms-field-medium wpforms-field-required\" name=\"wpforms[fields][2]\" placeholder=\"Nachricht\" required><\/textarea><\/div><div id=\"wpforms-5492-field_4-container\" class=\"wpforms-field wpforms-field-checkbox\" data-field-id=\"4\"><ul id=\"wpforms-5492-field_4\" class=\"wpforms-field-required\"><li class=\"choice-1 depth-1\"><input type=\"checkbox\" id=\"wpforms-5492-field_4_1\" name=\"wpforms[fields][4][]\" value=\"Ich stimme der Verarbeitung meiner personenbezogenen Daten gem\u00e4\u00df den Angaben in der Datenschutzerkl\u00e4rung zu.\" required ><label class=\"wpforms-field-label-inline\" for=\"wpforms-5492-field_4_1\">Ich stimme der Verarbeitung meiner personenbezogenen Daten gem\u00e4\u00df den Angaben in der Datenschutzerkl\u00e4rung zu.<\/label><\/li><\/ul><\/div><\/div><div class=\"wpforms-submit-container\"><input type=\"hidden\" name=\"wpforms[id]\" value=\"5492\"><input type=\"hidden\" name=\"wpforms[author]\" value=\"12\"><button type=\"submit\" name=\"wpforms[submit]\" id=\"wpforms-submit-5492\" class=\"wpforms-submit\" data-alt-text=\"Wird gesend\" data-submit-text=\"Senden\" aria-live=\"assertive\" value=\"wpforms-submit\">Senden<\/button><img loading=\"lazy\" src=\"https:\/\/gyomaikner.hu\/wp-content\/plugins\/wpforms-lite\/assets\/images\/submit-spin.svg\" class=\"wpforms-submit-spinner\" style=\"display: none;\" width=\"26\" height=\"26\" alt=\"Wird geladen\"><\/div><\/form><\/div>  <!-- .wpforms-container -->\t\t<\/div>\n\t\t\t\t<\/div>\n\t\t\t\t\t\t<\/div>\n\t\t\t\t\t<\/div>\n\t\t<\/div>\n\t\t\t\t\t\t\t\t<\/div>\n\t\t\t\t\t<\/div>\n\t\t<\/section>\n\t\t\t\t\t\t<\/div>\n\t\t\t\t\t\t<\/div>\n\t\t\t\t\t<\/div>\n\t\t","protected":false},"excerpt":{"rendered":"<p>B\u00fccher mit farbigem Buchschnitt B\u00fccher mit farbigem Buchschnitt Die Gyomai Kner Nyomda Zrt. bietet ab sofort den innovativen Buchschnittdruck an, mit dem B\u00fccher auf besonders eindrucksvolle Weise veredelt werden k\u00f6nnen. Dank moderner digitaler Technologie lassen sich Muster, Grafiken, Schriftz\u00fcge oder Illustrationen direkt auf die Schnittkanten des Buchblocks drucken. Die farbintensiven und detailreichen Buchschnitte sorgen f\u00fcr &hellip;<\/p>\n<p class=\"read-more\"> <a class=\"\" href=\"https:\/\/gyomaikner.hu\/de\/buchschnitt\/\"> <span class=\"screen-reader-text\">B\u00fccher mit farbigem Buchschnitt<\/span> Weiterlesen &raquo;<\/a><\/p>\n","protected":false},"author":12,"featured_media":0,"parent":0,"menu_order":0,"comment_status":"closed","ping_status":"closed","template":"","meta":[],"categories":[],"tags":[],"_links":{"self":[{"href":"https:\/\/gyomaikner.hu\/de\/wp-json\/wp\/v2\/pages\/5250"}],"collection":[{"href":"https:\/\/gyomaikner.hu\/de\/wp-json\/wp\/v2\/pages"}],"about":[{"href":"https:\/\/gyomaikner.hu\/de\/wp-json\/wp\/v2\/types\/page"}],"author":[{"embeddable":true,"href":"https:\/\/gyomaikner.hu\/de\/wp-json\/wp\/v2\/users\/12"}],"replies":[{"embeddable":true,"href":"https:\/\/gyomaikner.hu\/de\/wp-json\/wp\/v2\/comments?post=5250"}],"version-history":[{"count":16,"href":"https:\/\/gyomaikner.hu\/de\/wp-json\/wp\/v2\/pages\/5250\/revisions"}],"predecessor-version":[{"id":5498,"href":"https:\/\/gyomaikner.hu\/de\/wp-json\/wp\/v2\/pages\/5250\/revisions\/5498"}],"wp:attachment":[{"href":"https:\/\/gyomaikner.hu\/de\/wp-json\/wp\/v2\/media?parent=5250"}],"wp:term":[{"taxonomy":"category","embeddable":true,"href":"https:\/\/gyomaikner.hu\/de\/wp-json\/wp\/v2\/categories?post=5250"},{"taxonomy":"post_tag","embeddable":true,"href":"https:\/\/gyomaikner.hu\/de\/wp-json\/wp\/v2\/tags?post=5250"}],"curies":[{"name":"wp","href":"https:\/\/api.w.org\/{rel}","templated":true}]}}