{"id":2285,"date":"2021-05-18T13:38:33","date_gmt":"2021-05-18T13:38:33","guid":{"rendered":"https:\/\/gyomaikner.hu\/?page_id=2285"},"modified":"2023-03-31T10:24:31","modified_gmt":"2023-03-31T10:24:31","slug":"kner-sammlung","status":"publish","type":"page","link":"https:\/\/gyomaikner.hu\/de\/kner-sammlung\/","title":{"rendered":"KNER-SAMMLUNG"},"content":{"rendered":"\t\t<div data-elementor-type=\"wp-page\" data-elementor-id=\"2285\" class=\"elementor elementor-2285 elementor-492\" data-elementor-settings=\"[]\">\n\t\t\t\t\t\t<div class=\"elementor-inner\">\n\t\t\t\t\t\t\t<div class=\"elementor-section-wrap\">\n\t\t\t\t\t\t\t<section class=\"elementor-section elementor-top-section elementor-element elementor-element-c2cb25d elementor-section-full_width elementor-section-height-min-height elementor-section-height-default elementor-section-items-middle\" data-id=\"c2cb25d\" data-element_type=\"section\">\n\t\t\t\t\t\t<div class=\"elementor-container elementor-column-gap-no\">\n\t\t\t\t\t\t\t<div class=\"elementor-row\">\n\t\t\t\t\t<div class=\"elementor-column elementor-col-100 elementor-top-column elementor-element elementor-element-8307ab7\" data-id=\"8307ab7\" data-element_type=\"column\">\n\t\t\t<div class=\"elementor-column-wrap elementor-element-populated\">\n\t\t\t\t\t\t\t<div class=\"elementor-widget-wrap\">\n\t\t\t\t\t\t<div class=\"elementor-element elementor-element-8772d18 elementor--h-position-center elementor--v-position-middle elementor-arrows-position-inside elementor-pagination-position-inside elementor-widget elementor-widget-slides\" data-id=\"8772d18\" data-element_type=\"widget\" data-settings=\"{&quot;navigation&quot;:&quot;both&quot;,&quot;transition&quot;:&quot;slide&quot;,&quot;transition_speed&quot;:500}\" data-widget_type=\"slides.default\">\n\t\t\t\t<div class=\"elementor-widget-container\">\n\t\t\t\t\t<div class=\"elementor-swiper\">\n\t\t\t<div class=\"elementor-slides-wrapper elementor-main-swiper swiper-container\" dir=\"ltr\" data-animation=\"\">\n\t\t\t\t<div class=\"swiper-wrapper elementor-slides\">\n\t\t\t\t\t<div class=\"elementor-repeater-item-307f686 swiper-slide\"><div class=\"swiper-slide-bg\"><\/div><div class=\"swiper-slide-inner\" ><div class=\"swiper-slide-contents\"><div  class=\"elementor-button elementor-slide-button elementor-size-xl\"><span class=\"kover\">KNER-SAMMLUNG<\/span><\/div><\/div><\/div><\/div>\t\t\t\t<\/div>\n\t\t\t\t\t\t\t<\/div>\n\t\t<\/div>\n\t\t\t\t<\/div>\n\t\t\t\t<\/div>\n\t\t\t\t\t\t<\/div>\n\t\t\t\t\t<\/div>\n\t\t<\/div>\n\t\t\t\t\t\t\t\t<\/div>\n\t\t\t\t\t<\/div>\n\t\t<\/section>\n\t\t\t\t<section class=\"elementor-section elementor-top-section elementor-element elementor-element-7c44ca9 elementor-section-boxed elementor-section-height-default elementor-section-height-default\" data-id=\"7c44ca9\" data-element_type=\"section\" data-settings=\"{&quot;background_background&quot;:&quot;classic&quot;}\">\n\t\t\t\t\t\t<div class=\"elementor-container elementor-column-gap-default\">\n\t\t\t\t\t\t\t<div class=\"elementor-row\">\n\t\t\t\t\t<div class=\"elementor-column elementor-col-100 elementor-top-column elementor-element elementor-element-d915192\" data-id=\"d915192\" data-element_type=\"column\">\n\t\t\t<div class=\"elementor-column-wrap elementor-element-populated\">\n\t\t\t\t\t\t\t<div class=\"elementor-widget-wrap\">\n\t\t\t\t\t\t<div class=\"elementor-element elementor-element-3c730b3 elementor-widget elementor-widget-heading\" data-id=\"3c730b3\" data-element_type=\"widget\" data-widget_type=\"heading.default\">\n\t\t\t\t<div class=\"elementor-widget-container\">\n\t\t\t<h2 class=\"elementor-heading-title elementor-size-default\"><span class=\"kover\">KNER DRUCKMUSEUM<\/span><\/h2>\t\t<\/div>\n\t\t\t\t<\/div>\n\t\t\t\t\t\t<\/div>\n\t\t\t\t\t<\/div>\n\t\t<\/div>\n\t\t\t\t\t\t\t\t<\/div>\n\t\t\t\t\t<\/div>\n\t\t<\/section>\n\t\t\t\t<section class=\"elementor-section elementor-top-section elementor-element elementor-element-711b3a7 elementor-section-boxed elementor-section-height-default elementor-section-height-default\" data-id=\"711b3a7\" data-element_type=\"section\">\n\t\t\t\t\t\t<div class=\"elementor-container elementor-column-gap-default\">\n\t\t\t\t\t\t\t<div class=\"elementor-row\">\n\t\t\t\t\t<div class=\"elementor-column elementor-col-100 elementor-top-column elementor-element elementor-element-a4ef057\" data-id=\"a4ef057\" data-element_type=\"column\" data-settings=\"{&quot;background_background&quot;:&quot;classic&quot;}\">\n\t\t\t<div class=\"elementor-column-wrap elementor-element-populated\">\n\t\t\t\t\t\t\t<div class=\"elementor-widget-wrap\">\n\t\t\t\t\t\t<div class=\"elementor-element elementor-element-1dd0abe elementor-aspect-ratio-169 elementor-widget elementor-widget-video\" data-id=\"1dd0abe\" data-element_type=\"widget\" data-settings=\"{&quot;video_type&quot;:&quot;hosted&quot;,&quot;autoplay&quot;:&quot;yes&quot;,&quot;mute&quot;:&quot;yes&quot;,&quot;controls&quot;:&quot;yes&quot;,&quot;aspect_ratio&quot;:&quot;169&quot;}\" data-widget_type=\"video.default\">\n\t\t\t\t<div class=\"elementor-widget-container\">\n\t\t\t\t\t<div class=\"e-hosted-video elementor-wrapper elementor-fit-aspect-ratio elementor-open-inline\">\n\t\t\t\t\t<video class=\"elementor-video\" src=\"https:\/\/gyomaikner.hu\/wp-content\/uploads\/2021\/04\/a-gyomai-kner-nyomda-zrt-muzeuma.mp4\" autoplay=\"\" controls=\"\" muted=\"muted\" controlsList=\"nodownload\" poster=\"https:\/\/gyomaikner.hu\/wp-content\/uploads\/2021\/04\/kner-video-fedlap.png\"><\/video>\n\t\t\t\t<\/div>\n\t\t\t\t<\/div>\n\t\t\t\t<\/div>\n\t\t\t\t\t\t<\/div>\n\t\t\t\t\t<\/div>\n\t\t<\/div>\n\t\t\t\t\t\t\t\t<\/div>\n\t\t\t\t\t<\/div>\n\t\t<\/section>\n\t\t\t\t<section class=\"elementor-section elementor-top-section elementor-element elementor-element-1e7cf90 elementor-section-boxed elementor-section-height-default elementor-section-height-default\" data-id=\"1e7cf90\" data-element_type=\"section\">\n\t\t\t\t\t\t<div class=\"elementor-container elementor-column-gap-default\">\n\t\t\t\t\t\t\t<div class=\"elementor-row\">\n\t\t\t\t\t<div class=\"elementor-column elementor-col-100 elementor-top-column elementor-element elementor-element-8ef7ce3\" data-id=\"8ef7ce3\" data-element_type=\"column\">\n\t\t\t<div class=\"elementor-column-wrap elementor-element-populated\">\n\t\t\t\t\t\t\t<div class=\"elementor-widget-wrap\">\n\t\t\t\t\t\t<div class=\"elementor-element elementor-element-ad43f07 elementor-widget elementor-widget-text-editor\" data-id=\"ad43f07\" data-element_type=\"widget\" data-widget_type=\"text-editor.default\">\n\t\t\t\t<div class=\"elementor-widget-container\">\n\t\t\t\t\t\t\t\t<div class=\"elementor-text-editor elementor-clearfix\">\n\t\t\t\t\t<p style=\"text-align: left;\"><strong>KNER-SAMMLUNG<\/strong><br \/>Die Kner Druck-Sammlung befindet sich in der ehemaligen Residenz von Imre Kner. Das volkst\u00fcmliche Barockhaus wurde von Lajos Kozma entworfen und 1925 erbaut. Es beherbergt seit 1970 eine der vollst\u00e4ndigsten Drucksammlungen des Landes. Die Dauerausstellung des Museums zeigt die Arbeit von Mitgliedern der Familie Kner und die Geschichte der Druckerei Kner von ihrer Gr\u00fcndung im Jahr 1882 bis heute. Sie k\u00f6nnen B\u00fccher, Kunstballeinladungen, Kalender, Postkarten, Poster, Freigaben, zeitgen\u00f6ssische Fotos und historische Dokumente sehen, die in der Presse erstellt wurden. Die Ausstellung wird durch funktionierende Buchbindemaschinen und Druckmaschinen erg\u00e4nzt.<\/p><p><strong>Adresse:<\/strong><br \/>5500 Gyomaendr\u0151d, Kossuth Lajos utca 16.sz.<br \/><strong>Telefon:<\/strong> (66) 887-424, (66) 581-640<br \/><strong>E-Mail:<\/strong> knergyujtemeny@gyomaikner.hu<br \/><strong>Eintrittskarte:<\/strong><br \/>Erm\u00e4\u03b2igt: 500 Ft<br \/>Erwachsener: 1000 Ft<br \/>Gef\u00fchrte Tour: 2000 Ft<\/p>\t\t\t\t\t<\/div>\n\t\t\t\t\t\t<\/div>\n\t\t\t\t<\/div>\n\t\t\t\t\t\t<\/div>\n\t\t\t\t\t<\/div>\n\t\t<\/div>\n\t\t\t\t\t\t\t\t<\/div>\n\t\t\t\t\t<\/div>\n\t\t<\/section>\n\t\t\t\t<section class=\"elementor-section elementor-top-section elementor-element elementor-element-9901cc8 elementor-section-boxed elementor-section-height-default elementor-section-height-default\" data-id=\"9901cc8\" data-element_type=\"section\" data-settings=\"{&quot;background_background&quot;:&quot;classic&quot;}\">\n\t\t\t\t\t\t<div class=\"elementor-container elementor-column-gap-default\">\n\t\t\t\t\t\t\t<div class=\"elementor-row\">\n\t\t\t\t\t<div class=\"elementor-column elementor-col-100 elementor-top-column elementor-element elementor-element-3fb0f7a\" data-id=\"3fb0f7a\" data-element_type=\"column\">\n\t\t\t<div class=\"elementor-column-wrap elementor-element-populated\">\n\t\t\t\t\t\t\t<div class=\"elementor-widget-wrap\">\n\t\t\t\t\t\t<div class=\"elementor-element elementor-element-aea5501 elementor-widget elementor-widget-heading\" data-id=\"aea5501\" data-element_type=\"widget\" data-widget_type=\"heading.default\">\n\t\t\t\t<div class=\"elementor-widget-container\">\n\t\t\t<h2 class=\"elementor-heading-title elementor-size-default\"><span class=\"kover\">BILDER<\/span><\/h2>\t\t<\/div>\n\t\t\t\t<\/div>\n\t\t\t\t\t\t<\/div>\n\t\t\t\t\t<\/div>\n\t\t<\/div>\n\t\t\t\t\t\t\t\t<\/div>\n\t\t\t\t\t<\/div>\n\t\t<\/section>\n\t\t\t\t<section class=\"elementor-section elementor-top-section elementor-element elementor-element-15f784a elementor-section-boxed elementor-section-height-default elementor-section-height-default\" data-id=\"15f784a\" data-element_type=\"section\">\n\t\t\t\t\t\t<div class=\"elementor-container elementor-column-gap-default\">\n\t\t\t\t\t\t\t<div class=\"elementor-row\">\n\t\t\t\t\t<div class=\"elementor-column elementor-col-100 elementor-top-column elementor-element elementor-element-fd45daa\" data-id=\"fd45daa\" data-element_type=\"column\">\n\t\t\t<div class=\"elementor-column-wrap elementor-element-populated\">\n\t\t\t\t\t\t\t<div class=\"elementor-widget-wrap\">\n\t\t\t\t\t\t<div class=\"elementor-element elementor-element-6f23850 elementor-widget elementor-widget-image-gallery\" data-id=\"6f23850\" data-element_type=\"widget\" data-widget_type=\"image-gallery.default\">\n\t\t\t\t<div class=\"elementor-widget-container\">\n\t\t\t\t\t<div class=\"elementor-image-gallery\">\n\t\t\t<div id='gallery-1' class='gallery galleryid-2285 gallery-columns-3 gallery-size-full'><figure class='gallery-item'>\n\t\t\t<div class='gallery-icon landscape'>\n\t\t\t\t<a data-elementor-open-lightbox=\"yes\" data-elementor-lightbox-slideshow=\"6f23850\" data-elementor-lightbox-title=\"Layer 179\" href='https:\/\/gyomaikner.hu\/wp-content\/uploads\/2021\/04\/Layer-179.png'><img width=\"542\" height=\"542\" src=\"https:\/\/gyomaikner.hu\/wp-content\/uploads\/2021\/04\/Layer-179.png\" class=\"attachment-full size-full\" alt=\"\" loading=\"lazy\" srcset=\"https:\/\/gyomaikner.hu\/wp-content\/uploads\/2021\/04\/Layer-179.png 542w, https:\/\/gyomaikner.hu\/wp-content\/uploads\/2021\/04\/Layer-179-300x300.png 300w, https:\/\/gyomaikner.hu\/wp-content\/uploads\/2021\/04\/Layer-179-150x150.png 150w\" sizes=\"(max-width: 542px) 100vw, 542px\" \/><\/a>\n\t\t\t<\/div><\/figure><figure class='gallery-item'>\n\t\t\t<div class='gallery-icon landscape'>\n\t\t\t\t<a data-elementor-open-lightbox=\"yes\" data-elementor-lightbox-slideshow=\"6f23850\" data-elementor-lightbox-title=\"Layer 180\" href='https:\/\/gyomaikner.hu\/wp-content\/uploads\/2021\/04\/Layer-180.png'><img width=\"542\" height=\"542\" src=\"https:\/\/gyomaikner.hu\/wp-content\/uploads\/2021\/04\/Layer-180.png\" class=\"attachment-full size-full\" alt=\"\" loading=\"lazy\" srcset=\"https:\/\/gyomaikner.hu\/wp-content\/uploads\/2021\/04\/Layer-180.png 542w, https:\/\/gyomaikner.hu\/wp-content\/uploads\/2021\/04\/Layer-180-300x300.png 300w, https:\/\/gyomaikner.hu\/wp-content\/uploads\/2021\/04\/Layer-180-150x150.png 150w\" sizes=\"(max-width: 542px) 100vw, 542px\" \/><\/a>\n\t\t\t<\/div><\/figure><figure class='gallery-item'>\n\t\t\t<div class='gallery-icon landscape'>\n\t\t\t\t<a data-elementor-open-lightbox=\"yes\" data-elementor-lightbox-slideshow=\"6f23850\" data-elementor-lightbox-title=\"kner_muzeum_retus\" href='https:\/\/gyomaikner.hu\/wp-content\/uploads\/2021\/05\/kner_muzeum_retus.jpg'><img width=\"542\" height=\"542\" src=\"https:\/\/gyomaikner.hu\/wp-content\/uploads\/2021\/05\/kner_muzeum_retus.jpg\" class=\"attachment-full size-full\" alt=\"\" loading=\"lazy\" srcset=\"https:\/\/gyomaikner.hu\/wp-content\/uploads\/2021\/05\/kner_muzeum_retus.jpg 542w, https:\/\/gyomaikner.hu\/wp-content\/uploads\/2021\/05\/kner_muzeum_retus-300x300.jpg 300w, https:\/\/gyomaikner.hu\/wp-content\/uploads\/2021\/05\/kner_muzeum_retus-150x150.jpg 150w\" sizes=\"(max-width: 542px) 100vw, 542px\" \/><\/a>\n\t\t\t<\/div><\/figure><figure class='gallery-item'>\n\t\t\t<div class='gallery-icon landscape'>\n\t\t\t\t<a data-elementor-open-lightbox=\"yes\" data-elementor-lightbox-slideshow=\"6f23850\" data-elementor-lightbox-title=\"Layer 182\" href='https:\/\/gyomaikner.hu\/wp-content\/uploads\/2021\/04\/Layer-182.png'><img width=\"542\" height=\"542\" src=\"https:\/\/gyomaikner.hu\/wp-content\/uploads\/2021\/04\/Layer-182.png\" class=\"attachment-full size-full\" alt=\"\" loading=\"lazy\" srcset=\"https:\/\/gyomaikner.hu\/wp-content\/uploads\/2021\/04\/Layer-182.png 542w, https:\/\/gyomaikner.hu\/wp-content\/uploads\/2021\/04\/Layer-182-300x300.png 300w, https:\/\/gyomaikner.hu\/wp-content\/uploads\/2021\/04\/Layer-182-150x150.png 150w\" sizes=\"(max-width: 542px) 100vw, 542px\" \/><\/a>\n\t\t\t<\/div><\/figure><figure class='gallery-item'>\n\t\t\t<div class='gallery-icon landscape'>\n\t\t\t\t<a data-elementor-open-lightbox=\"yes\" data-elementor-lightbox-slideshow=\"6f23850\" data-elementor-lightbox-title=\"Layer 183\" href='https:\/\/gyomaikner.hu\/wp-content\/uploads\/2021\/04\/Layer-183.png'><img width=\"542\" height=\"542\" src=\"https:\/\/gyomaikner.hu\/wp-content\/uploads\/2021\/04\/Layer-183.png\" class=\"attachment-full size-full\" alt=\"\" loading=\"lazy\" srcset=\"https:\/\/gyomaikner.hu\/wp-content\/uploads\/2021\/04\/Layer-183.png 542w, https:\/\/gyomaikner.hu\/wp-content\/uploads\/2021\/04\/Layer-183-300x300.png 300w, https:\/\/gyomaikner.hu\/wp-content\/uploads\/2021\/04\/Layer-183-150x150.png 150w\" sizes=\"(max-width: 542px) 100vw, 542px\" \/><\/a>\n\t\t\t<\/div><\/figure><figure class='gallery-item'>\n\t\t\t<div class='gallery-icon landscape'>\n\t\t\t\t<a data-elementor-open-lightbox=\"yes\" data-elementor-lightbox-slideshow=\"6f23850\" data-elementor-lightbox-title=\"Layer 184\" href='https:\/\/gyomaikner.hu\/wp-content\/uploads\/2021\/04\/Layer-184.png'><img width=\"542\" height=\"542\" src=\"https:\/\/gyomaikner.hu\/wp-content\/uploads\/2021\/04\/Layer-184.png\" class=\"attachment-full size-full\" alt=\"\" loading=\"lazy\" srcset=\"https:\/\/gyomaikner.hu\/wp-content\/uploads\/2021\/04\/Layer-184.png 542w, https:\/\/gyomaikner.hu\/wp-content\/uploads\/2021\/04\/Layer-184-300x300.png 300w, https:\/\/gyomaikner.hu\/wp-content\/uploads\/2021\/04\/Layer-184-150x150.png 150w\" sizes=\"(max-width: 542px) 100vw, 542px\" \/><\/a>\n\t\t\t<\/div><\/figure><figure class='gallery-item'>\n\t\t\t<div class='gallery-icon landscape'>\n\t\t\t\t<a data-elementor-open-lightbox=\"yes\" data-elementor-lightbox-slideshow=\"6f23850\" data-elementor-lightbox-title=\"Layer 185\" href='https:\/\/gyomaikner.hu\/wp-content\/uploads\/2021\/04\/Layer-185.png'><img width=\"542\" height=\"542\" src=\"https:\/\/gyomaikner.hu\/wp-content\/uploads\/2021\/04\/Layer-185.png\" class=\"attachment-full size-full\" alt=\"\" loading=\"lazy\" srcset=\"https:\/\/gyomaikner.hu\/wp-content\/uploads\/2021\/04\/Layer-185.png 542w, https:\/\/gyomaikner.hu\/wp-content\/uploads\/2021\/04\/Layer-185-300x300.png 300w, https:\/\/gyomaikner.hu\/wp-content\/uploads\/2021\/04\/Layer-185-150x150.png 150w\" sizes=\"(max-width: 542px) 100vw, 542px\" \/><\/a>\n\t\t\t<\/div><\/figure><figure class='gallery-item'>\n\t\t\t<div class='gallery-icon landscape'>\n\t\t\t\t<a data-elementor-open-lightbox=\"yes\" data-elementor-lightbox-slideshow=\"6f23850\" data-elementor-lightbox-title=\"Layer 186\" href='https:\/\/gyomaikner.hu\/wp-content\/uploads\/2021\/04\/Layer-186.png'><img width=\"542\" height=\"542\" src=\"https:\/\/gyomaikner.hu\/wp-content\/uploads\/2021\/04\/Layer-186.png\" class=\"attachment-full size-full\" alt=\"\" loading=\"lazy\" srcset=\"https:\/\/gyomaikner.hu\/wp-content\/uploads\/2021\/04\/Layer-186.png 542w, https:\/\/gyomaikner.hu\/wp-content\/uploads\/2021\/04\/Layer-186-300x300.png 300w, https:\/\/gyomaikner.hu\/wp-content\/uploads\/2021\/04\/Layer-186-150x150.png 150w\" sizes=\"(max-width: 542px) 100vw, 542px\" \/><\/a>\n\t\t\t<\/div><\/figure><figure class='gallery-item'>\n\t\t\t<div class='gallery-icon landscape'>\n\t\t\t\t<a data-elementor-open-lightbox=\"yes\" data-elementor-lightbox-slideshow=\"6f23850\" data-elementor-lightbox-title=\"Layer 187\" href='https:\/\/gyomaikner.hu\/wp-content\/uploads\/2021\/04\/Layer-187.png'><img width=\"542\" height=\"542\" src=\"https:\/\/gyomaikner.hu\/wp-content\/uploads\/2021\/04\/Layer-187.png\" class=\"attachment-full size-full\" alt=\"\" loading=\"lazy\" srcset=\"https:\/\/gyomaikner.hu\/wp-content\/uploads\/2021\/04\/Layer-187.png 542w, https:\/\/gyomaikner.hu\/wp-content\/uploads\/2021\/04\/Layer-187-300x300.png 300w, https:\/\/gyomaikner.hu\/wp-content\/uploads\/2021\/04\/Layer-187-150x150.png 150w\" sizes=\"(max-width: 542px) 100vw, 542px\" \/><\/a>\n\t\t\t<\/div><\/figure><figure class='gallery-item'>\n\t\t\t<div class='gallery-icon landscape'>\n\t\t\t\t<a data-elementor-open-lightbox=\"yes\" data-elementor-lightbox-slideshow=\"6f23850\" data-elementor-lightbox-title=\"Layer 188\" href='https:\/\/gyomaikner.hu\/wp-content\/uploads\/2021\/04\/Layer-188.png'><img width=\"542\" height=\"542\" src=\"https:\/\/gyomaikner.hu\/wp-content\/uploads\/2021\/04\/Layer-188.png\" class=\"attachment-full size-full\" alt=\"\" loading=\"lazy\" srcset=\"https:\/\/gyomaikner.hu\/wp-content\/uploads\/2021\/04\/Layer-188.png 542w, https:\/\/gyomaikner.hu\/wp-content\/uploads\/2021\/04\/Layer-188-300x300.png 300w, https:\/\/gyomaikner.hu\/wp-content\/uploads\/2021\/04\/Layer-188-150x150.png 150w\" sizes=\"(max-width: 542px) 100vw, 542px\" \/><\/a>\n\t\t\t<\/div><\/figure><figure class='gallery-item'>\n\t\t\t<div class='gallery-icon landscape'>\n\t\t\t\t<a data-elementor-open-lightbox=\"yes\" data-elementor-lightbox-slideshow=\"6f23850\" data-elementor-lightbox-title=\"Layer 189\" href='https:\/\/gyomaikner.hu\/wp-content\/uploads\/2021\/04\/Layer-189.png'><img width=\"542\" height=\"542\" src=\"https:\/\/gyomaikner.hu\/wp-content\/uploads\/2021\/04\/Layer-189.png\" class=\"attachment-full size-full\" alt=\"\" loading=\"lazy\" srcset=\"https:\/\/gyomaikner.hu\/wp-content\/uploads\/2021\/04\/Layer-189.png 542w, https:\/\/gyomaikner.hu\/wp-content\/uploads\/2021\/04\/Layer-189-300x300.png 300w, https:\/\/gyomaikner.hu\/wp-content\/uploads\/2021\/04\/Layer-189-150x150.png 150w\" sizes=\"(max-width: 542px) 100vw, 542px\" \/><\/a>\n\t\t\t<\/div><\/figure><figure class='gallery-item'>\n\t\t\t<div class='gallery-icon landscape'>\n\t\t\t\t<a data-elementor-open-lightbox=\"yes\" data-elementor-lightbox-slideshow=\"6f23850\" data-elementor-lightbox-title=\"Layer 190\" href='https:\/\/gyomaikner.hu\/wp-content\/uploads\/2021\/04\/Layer-190.jpg'><img width=\"542\" height=\"542\" src=\"https:\/\/gyomaikner.hu\/wp-content\/uploads\/2021\/04\/Layer-190.jpg\" class=\"attachment-full size-full\" alt=\"\" loading=\"lazy\" srcset=\"https:\/\/gyomaikner.hu\/wp-content\/uploads\/2021\/04\/Layer-190.jpg 542w, https:\/\/gyomaikner.hu\/wp-content\/uploads\/2021\/04\/Layer-190-300x300.jpg 300w, https:\/\/gyomaikner.hu\/wp-content\/uploads\/2021\/04\/Layer-190-150x150.jpg 150w\" sizes=\"(max-width: 542px) 100vw, 542px\" \/><\/a>\n\t\t\t<\/div><\/figure>\n\t\t<\/div>\n\t\t<\/div>\n\t\t\t\t<\/div>\n\t\t\t\t<\/div>\n\t\t\t\t\t\t<\/div>\n\t\t\t\t\t<\/div>\n\t\t<\/div>\n\t\t\t\t\t\t\t\t<\/div>\n\t\t\t\t\t<\/div>\n\t\t<\/section>\n\t\t\t\t\t\t<\/div>\n\t\t\t\t\t\t<\/div>\n\t\t\t\t\t<\/div>\n\t\t","protected":false},"excerpt":{"rendered":"<p>KNER-SAMMLUNG KNER DRUCKMUSEUM https:\/\/gyomaikner.hu\/wp-content\/uploads\/2021\/04\/a-gyomai-kner-nyomda-zrt-muzeuma.mp4 KNER-SAMMLUNGDie Kner Druck-Sammlung befindet sich in der ehemaligen Residenz von Imre Kner. Das volkst\u00fcmliche Barockhaus wurde von Lajos Kozma entworfen und 1925 erbaut. Es beherbergt seit 1970 eine der vollst\u00e4ndigsten Drucksammlungen des Landes. Die Dauerausstellung des Museums zeigt die Arbeit von Mitgliedern der Familie Kner und die Geschichte der Druckerei Kner &hellip;<\/p>\n<p class=\"read-more\"> <a class=\"\" href=\"https:\/\/gyomaikner.hu\/de\/kner-sammlung\/\"> <span class=\"screen-reader-text\">KNER-SAMMLUNG<\/span> Weiterlesen &raquo;<\/a><\/p>\n","protected":false},"author":1,"featured_media":0,"parent":0,"menu_order":0,"comment_status":"closed","ping_status":"closed","template":"","meta":[],"categories":[],"tags":[],"_links":{"self":[{"href":"https:\/\/gyomaikner.hu\/de\/wp-json\/wp\/v2\/pages\/2285"}],"collection":[{"href":"https:\/\/gyomaikner.hu\/de\/wp-json\/wp\/v2\/pages"}],"about":[{"href":"https:\/\/gyomaikner.hu\/de\/wp-json\/wp\/v2\/types\/page"}],"author":[{"embeddable":true,"href":"https:\/\/gyomaikner.hu\/de\/wp-json\/wp\/v2\/users\/1"}],"replies":[{"embeddable":true,"href":"https:\/\/gyomaikner.hu\/de\/wp-json\/wp\/v2\/comments?post=2285"}],"version-history":[{"count":17,"href":"https:\/\/gyomaikner.hu\/de\/wp-json\/wp\/v2\/pages\/2285\/revisions"}],"predecessor-version":[{"id":4259,"href":"https:\/\/gyomaikner.hu\/de\/wp-json\/wp\/v2\/pages\/2285\/revisions\/4259"}],"wp:attachment":[{"href":"https:\/\/gyomaikner.hu\/de\/wp-json\/wp\/v2\/media?parent=2285"}],"wp:term":[{"taxonomy":"category","embeddable":true,"href":"https:\/\/gyomaikner.hu\/de\/wp-json\/wp\/v2\/categories?post=2285"},{"taxonomy":"post_tag","embeddable":true,"href":"https:\/\/gyomaikner.hu\/de\/wp-json\/wp\/v2\/tags?post=2285"}],"curies":[{"name":"wp","href":"https:\/\/api.w.org\/{rel}","templated":true}]}}